{"id":1205,"date":"2022-10-22T16:15:11","date_gmt":"2022-10-22T16:15:11","guid":{"rendered":"https:\/\/studiodentalcare.eu\/broneeri-aeg\/"},"modified":"2026-02-11T15:05:03","modified_gmt":"2026-02-11T15:05:03","slug":"%d0%b7%d0%b0%d0%b1%d1%80%d0%be%d0%bd%d0%b8%d1%80%d0%be%d0%b2%d0%b0%d1%82%d1%8c-%d0%b2%d1%80%d0%b5%d0%bc%d1%8f","status":"publish","type":"page","link":"https:\/\/studiodentalcare.eu\/ru\/%d0%b7%d0%b0%d0%b1%d1%80%d0%be%d0%bd%d0%b8%d1%80%d0%be%d0%b2%d0%b0%d1%82%d1%8c-%d0%b2%d1%80%d0%b5%d0%bc%d1%8f\/","title":{"rendered":"\u0417\u0430\u0431\u0440\u043e\u043d\u0438\u0440\u043e\u0432\u0430\u0442\u044c \u0432\u0440\u0435\u043c\u044f"},"content":{"rendered":"[vc_row type=&#187;in_container&#187; full_screen_row_position=&#187;middle&#187; column_margin=&#187;default&#187; column_direction=&#187;default&#187; column_direction_tablet=&#187;default&#187; column_direction_phone=&#187;default&#187; scene_position=&#187;center&#187; text_color=&#187;dark&#187; text_align=&#187;left&#187; row_border_radius=&#187;none&#187; row_border_radius_applies=&#187;bg&#187; overflow=&#187;visible&#187; class=&#187;default-inner-row-padding&#187; overlay_strength=&#187;0.3&#8243; gradient_direction=&#187;left_to_right&#187; shape_divider_position=&#187;bottom&#187; bg_image_animation=&#187;none&#187; gradient_type=&#187;default&#187; shape_type=&#187;&#187;][vc_column column_padding=&#187;no-extra-padding&#187; column_padding_tablet=&#187;inherit&#187; column_padding_phone=&#187;inherit&#187; column_padding_position=&#187;all&#187; column_element_direction_desktop=&#187;default&#187; column_element_spacing=&#187;default&#187; desktop_text_alignment=&#187;default&#187; tablet_text_alignment=&#187;default&#187; phone_text_alignment=&#187;default&#187; background_color_opacity=&#187;1&#8243; background_hover_color_opacity=&#187;1&#8243; column_backdrop_filter=&#187;none&#187; column_shadow=&#187;none&#187; column_border_radius=&#187;none&#187; column_link_target=&#187;_self&#187; column_position=&#187;default&#187; gradient_direction=&#187;left_to_right&#187; overlay_strength=&#187;0.3&#8243; width=&#187;1\/1&#8243; tablet_width_inherit=&#187;default&#187; animation_type=&#187;default&#187; enable_animation=&#187;true&#187; animation=&#187;fade-in-from-bottom&#187; animation_easing=&#187;default&#187; bg_image_animation=&#187;none&#187; border_type=&#187;simple&#187; column_border_width=&#187;none&#187; column_border_style=&#187;solid&#187; column_padding_type=&#187;default&#187; gradient_type=&#187;default&#187;][vc_raw_html]JTNDaWZyYW1lJTIwc3JjJTNEJTIyaHR0cHMlM0ElMkYlMkZjb25uZWN0ZWRzZXJ2ZXIuZXUlMkZDb25uZWN0ZWRPbmxpbmVYJTJGZGVmYXVsdC5hc3B4JTNGa2V5JTNEVFdYdWdKaFclMjZsYW5nJTNEcnUlMjIlMjBzdHlsZSUzRCUyN2hlaWdodCUzQTgwMHB4JTNCd2lkdGglM0E5MCUyNSUzQiUyNyUyMGZyYW1lQm9yZGVyJTNEJTI3MCUyNyUyMCUzRSUzQyUyRmlmcmFtZSUzRQ==[\/vc_raw_html][\/vc_column][\/vc_row]\n","protected":false},"excerpt":{"rendered":"<p>[vc_row type=&#187;in_container&#187; full_screen_row_position=&#187;middle&#187; column_margin=&#187;default&#187; column_direction=&#187;default&#187; column_direction_tablet=&#187;default&#187; column_direction_phone=&#187;default&#187; scene_position=&#187;center&#187; text_color=&#187;dark&#187; text_align=&#187;left&#187; row_border_radius=&#187;none&#187; row_border_radius_applies=&#187;bg&#187; overflow=&#187;visible&#187; class=&#187;default-inner-row-padding&#187; overlay_strength=&#187;0.3&#8243; gradient_direction=&#187;left_to_right&#187; shape_divider_position=&#187;bottom&#187; bg_image_animation=&#187;none&#187; gradient_type=&#187;default&#187; shape_type=&#187;&#187;][vc_column column_padding=&#187;no-extra-padding&#187; column_padding_tablet=&#187;inherit&#187; column_padding_phone=&#187;inherit&#187; column_padding_position=&#187;all&#187; column_element_direction_desktop=&#187;default&#187; column_element_spacing=&#187;default&#187; desktop_text_alignment=&#187;default&#187; tablet_text_alignment=&#187;default&#187; phone_text_alignment=&#187;default&#187; background_color_opacity=&#187;1&#8243;&#8230;<\/p>\n","protected":false},"author":2,"featured_media":0,"parent":0,"menu_order":0,"comment_status":"closed","ping_status":"closed","template":"page-booking.php","meta":{"inline_featured_image":false,"footnotes":"","advanced-sidebar-menu\/link-title":"","advanced-sidebar-menu\/exclude-page":false},"yoast_head":"<!-- This site is optimized with the Yoast SEO plugin v23.5 - https:\/\/yoast.com\/wordpress\/plugins\/seo\/ -->\n<title>\u0417\u0430\u0431\u0440\u043e\u043d\u0438\u0440\u043e\u0432\u0430\u0442\u044c \u0432\u0440\u0435\u043c\u044f - Studio Dental Care hambaravi Tallinnas<\/title>\n<meta name=\"description\" content=\"N\u00f5uannetest parima tulemuseni- K\u00f5ik sinu naeratuse nimel. Kliinik pakub laia valikut hambaravi teenuseid. Broneeri aeg kodulehel v\u00f5i helista +372 509 3547\" \/>\n<meta name=\"robots\" content=\"index, follow, max-snippet:-1, max-image-preview:large, max-video-preview:-1\" \/>\n<link rel=\"canonical\" href=\"https:\/\/studiodentalcare.eu\/ru\/\u0437\u0430\u0431\u0440\u043e\u043d\u0438\u0440\u043e\u0432\u0430\u0442\u044c-\u0432\u0440\u0435\u043c\u044f\/\" \/>\n<meta property=\"og:locale\" content=\"ru_RU\" \/>\n<meta property=\"og:type\" content=\"article\" \/>\n<meta property=\"og:title\" content=\"\u0417\u0430\u0431\u0440\u043e\u043d\u0438\u0440\u043e\u0432\u0430\u0442\u044c \u0432\u0440\u0435\u043c\u044f - Studio Dental Care hambaravi Tallinnas\" \/>\n<meta property=\"og:description\" content=\"N\u00f5uannetest parima tulemuseni- K\u00f5ik sinu naeratuse nimel. Kliinik pakub laia valikut hambaravi teenuseid. Broneeri aeg kodulehel v\u00f5i helista +372 509 3547\" \/>\n<meta property=\"og:url\" content=\"https:\/\/studiodentalcare.eu\/ru\/\u0437\u0430\u0431\u0440\u043e\u043d\u0438\u0440\u043e\u0432\u0430\u0442\u044c-\u0432\u0440\u0435\u043c\u044f\/\" \/>\n<meta property=\"og:site_name\" content=\"Studio Dental Care hambaravi Tallinnas\" \/>\n<meta property=\"article:modified_time\" content=\"2026-02-11T15:05:03+00:00\" \/>\n<meta property=\"og:image\" content=\"https:\/\/studiodentalcare.eu\/wp-content\/uploads\/2023\/06\/Opengraph.png\" \/>\n\t<meta property=\"og:image:width\" content=\"1200\" \/>\n\t<meta property=\"og:image:height\" content=\"630\" \/>\n\t<meta property=\"og:image:type\" content=\"image\/png\" \/>\n<meta name=\"twitter:card\" content=\"summary_large_image\" \/>\n<meta name=\"twitter:label1\" content=\"\u041f\u0440\u0438\u043c\u0435\u0440\u043d\u043e\u0435 \u0432\u0440\u0435\u043c\u044f \u0434\u043b\u044f \u0447\u0442\u0435\u043d\u0438\u044f\" \/>\n\t<meta name=\"twitter:data1\" content=\"1 \u043c\u0438\u043d\u0443\u0442\u0430\" \/>\n<script type=\"application\/ld+json\" class=\"yoast-schema-graph\">{\"@context\":\"https:\/\/schema.org\",\"@graph\":[{\"@type\":\"WebPage\",\"@id\":\"https:\/\/studiodentalcare.eu\/ru\/%d0%b7%d0%b0%d0%b1%d1%80%d0%be%d0%bd%d0%b8%d1%80%d0%be%d0%b2%d0%b0%d1%82%d1%8c-%d0%b2%d1%80%d0%b5%d0%bc%d1%8f\/\",\"url\":\"https:\/\/studiodentalcare.eu\/ru\/%d0%b7%d0%b0%d0%b1%d1%80%d0%be%d0%bd%d0%b8%d1%80%d0%be%d0%b2%d0%b0%d1%82%d1%8c-%d0%b2%d1%80%d0%b5%d0%bc%d1%8f\/\",\"name\":\"\u0417\u0430\u0431\u0440\u043e\u043d\u0438\u0440\u043e\u0432\u0430\u0442\u044c \u0432\u0440\u0435\u043c\u044f - Studio Dental Care hambaravi Tallinnas\",\"isPartOf\":{\"@id\":\"https:\/\/studiodentalcare.eu\/#website\"},\"datePublished\":\"2022-10-22T16:15:11+00:00\",\"dateModified\":\"2026-02-11T15:05:03+00:00\",\"description\":\"N\u00f5uannetest parima tulemuseni- K\u00f5ik sinu naeratuse nimel. Kliinik pakub laia valikut hambaravi teenuseid. Broneeri aeg kodulehel v\u00f5i helista +372 509 3547\",\"breadcrumb\":{\"@id\":\"https:\/\/studiodentalcare.eu\/ru\/%d0%b7%d0%b0%d0%b1%d1%80%d0%be%d0%bd%d0%b8%d1%80%d0%be%d0%b2%d0%b0%d1%82%d1%8c-%d0%b2%d1%80%d0%b5%d0%bc%d1%8f\/#breadcrumb\"},\"inLanguage\":\"ru-RU\",\"potentialAction\":[{\"@type\":\"ReadAction\",\"target\":[\"https:\/\/studiodentalcare.eu\/ru\/%d0%b7%d0%b0%d0%b1%d1%80%d0%be%d0%bd%d0%b8%d1%80%d0%be%d0%b2%d0%b0%d1%82%d1%8c-%d0%b2%d1%80%d0%b5%d0%bc%d1%8f\/\"]}]},{\"@type\":\"BreadcrumbList\",\"@id\":\"https:\/\/studiodentalcare.eu\/ru\/%d0%b7%d0%b0%d0%b1%d1%80%d0%be%d0%bd%d0%b8%d1%80%d0%be%d0%b2%d0%b0%d1%82%d1%8c-%d0%b2%d1%80%d0%b5%d0%bc%d1%8f\/#breadcrumb\",\"itemListElement\":[{\"@type\":\"ListItem\",\"position\":1,\"name\":\"Home\",\"item\":\"https:\/\/studiodentalcare.eu\/ru\/\"},{\"@type\":\"ListItem\",\"position\":2,\"name\":\"\u0417\u0430\u0431\u0440\u043e\u043d\u0438\u0440\u043e\u0432\u0430\u0442\u044c \u0432\u0440\u0435\u043c\u044f\"}]},{\"@type\":\"WebSite\",\"@id\":\"https:\/\/studiodentalcare.eu\/#website\",\"url\":\"https:\/\/studiodentalcare.eu\/\",\"name\":\"Studio Dental Care hambaravi Tallinnas\",\"description\":\"30 aastat kogemusi hambaravis\",\"publisher\":{\"@id\":\"https:\/\/studiodentalcare.eu\/#organization\"},\"potentialAction\":[{\"@type\":\"SearchAction\",\"target\":{\"@type\":\"EntryPoint\",\"urlTemplate\":\"https:\/\/studiodentalcare.eu\/?s={search_term_string}\"},\"query-input\":{\"@type\":\"PropertyValueSpecification\",\"valueRequired\":true,\"valueName\":\"search_term_string\"}}],\"inLanguage\":\"ru-RU\"},{\"@type\":\"Organization\",\"@id\":\"https:\/\/studiodentalcare.eu\/#organization\",\"name\":\"Kesklinna Hambaravi\",\"url\":\"https:\/\/studiodentalcare.eu\/\",\"logo\":{\"@type\":\"ImageObject\",\"inLanguage\":\"ru-RU\",\"@id\":\"https:\/\/studiodentalcare.eu\/#\/schema\/logo\/image\/\",\"url\":\"https:\/\/studiodentalcare.eu\/wp-content\/uploads\/2022\/10\/Kesklinna-Hambaravi-Logo.svg\",\"contentUrl\":\"https:\/\/studiodentalcare.eu\/wp-content\/uploads\/2022\/10\/Kesklinna-Hambaravi-Logo.svg\",\"width\":210,\"height\":49,\"caption\":\"Kesklinna Hambaravi\"},\"image\":{\"@id\":\"https:\/\/studiodentalcare.eu\/#\/schema\/logo\/image\/\"}}]}<\/script>\n<!-- \/ Yoast SEO plugin. -->","yoast_head_json":{"title":"\u0417\u0430\u0431\u0440\u043e\u043d\u0438\u0440\u043e\u0432\u0430\u0442\u044c \u0432\u0440\u0435\u043c\u044f - Studio Dental Care hambaravi Tallinnas","description":"N\u00f5uannetest parima tulemuseni- K\u00f5ik sinu naeratuse nimel. Kliinik pakub laia valikut hambaravi teenuseid. Broneeri aeg kodulehel v\u00f5i helista +372 509 3547","robots":{"index":"index","follow":"follow","max-snippet":"max-snippet:-1","max-image-preview":"max-image-preview:large","max-video-preview":"max-video-preview:-1"},"canonical":"https:\/\/studiodentalcare.eu\/ru\/\u0437\u0430\u0431\u0440\u043e\u043d\u0438\u0440\u043e\u0432\u0430\u0442\u044c-\u0432\u0440\u0435\u043c\u044f\/","og_locale":"ru_RU","og_type":"article","og_title":"\u0417\u0430\u0431\u0440\u043e\u043d\u0438\u0440\u043e\u0432\u0430\u0442\u044c \u0432\u0440\u0435\u043c\u044f - Studio Dental Care hambaravi Tallinnas","og_description":"N\u00f5uannetest parima tulemuseni- K\u00f5ik sinu naeratuse nimel. Kliinik pakub laia valikut hambaravi teenuseid. Broneeri aeg kodulehel v\u00f5i helista +372 509 3547","og_url":"https:\/\/studiodentalcare.eu\/ru\/\u0437\u0430\u0431\u0440\u043e\u043d\u0438\u0440\u043e\u0432\u0430\u0442\u044c-\u0432\u0440\u0435\u043c\u044f\/","og_site_name":"Studio Dental Care hambaravi Tallinnas","article_modified_time":"2026-02-11T15:05:03+00:00","og_image":[{"width":1200,"height":630,"url":"https:\/\/studiodentalcare.eu\/wp-content\/uploads\/2023\/06\/Opengraph.png","type":"image\/png"}],"twitter_card":"summary_large_image","twitter_misc":{"\u041f\u0440\u0438\u043c\u0435\u0440\u043d\u043e\u0435 \u0432\u0440\u0435\u043c\u044f \u0434\u043b\u044f \u0447\u0442\u0435\u043d\u0438\u044f":"1 \u043c\u0438\u043d\u0443\u0442\u0430"},"schema":{"@context":"https:\/\/schema.org","@graph":[{"@type":"WebPage","@id":"https:\/\/studiodentalcare.eu\/ru\/%d0%b7%d0%b0%d0%b1%d1%80%d0%be%d0%bd%d0%b8%d1%80%d0%be%d0%b2%d0%b0%d1%82%d1%8c-%d0%b2%d1%80%d0%b5%d0%bc%d1%8f\/","url":"https:\/\/studiodentalcare.eu\/ru\/%d0%b7%d0%b0%d0%b1%d1%80%d0%be%d0%bd%d0%b8%d1%80%d0%be%d0%b2%d0%b0%d1%82%d1%8c-%d0%b2%d1%80%d0%b5%d0%bc%d1%8f\/","name":"\u0417\u0430\u0431\u0440\u043e\u043d\u0438\u0440\u043e\u0432\u0430\u0442\u044c \u0432\u0440\u0435\u043c\u044f - Studio Dental Care hambaravi Tallinnas","isPartOf":{"@id":"https:\/\/studiodentalcare.eu\/#website"},"datePublished":"2022-10-22T16:15:11+00:00","dateModified":"2026-02-11T15:05:03+00:00","description":"N\u00f5uannetest parima tulemuseni- K\u00f5ik sinu naeratuse nimel. Kliinik pakub laia valikut hambaravi teenuseid. Broneeri aeg kodulehel v\u00f5i helista +372 509 3547","breadcrumb":{"@id":"https:\/\/studiodentalcare.eu\/ru\/%d0%b7%d0%b0%d0%b1%d1%80%d0%be%d0%bd%d0%b8%d1%80%d0%be%d0%b2%d0%b0%d1%82%d1%8c-%d0%b2%d1%80%d0%b5%d0%bc%d1%8f\/#breadcrumb"},"inLanguage":"ru-RU","potentialAction":[{"@type":"ReadAction","target":["https:\/\/studiodentalcare.eu\/ru\/%d0%b7%d0%b0%d0%b1%d1%80%d0%be%d0%bd%d0%b8%d1%80%d0%be%d0%b2%d0%b0%d1%82%d1%8c-%d0%b2%d1%80%d0%b5%d0%bc%d1%8f\/"]}]},{"@type":"BreadcrumbList","@id":"https:\/\/studiodentalcare.eu\/ru\/%d0%b7%d0%b0%d0%b1%d1%80%d0%be%d0%bd%d0%b8%d1%80%d0%be%d0%b2%d0%b0%d1%82%d1%8c-%d0%b2%d1%80%d0%b5%d0%bc%d1%8f\/#breadcrumb","itemListElement":[{"@type":"ListItem","position":1,"name":"Home","item":"https:\/\/studiodentalcare.eu\/ru\/"},{"@type":"ListItem","position":2,"name":"\u0417\u0430\u0431\u0440\u043e\u043d\u0438\u0440\u043e\u0432\u0430\u0442\u044c \u0432\u0440\u0435\u043c\u044f"}]},{"@type":"WebSite","@id":"https:\/\/studiodentalcare.eu\/#website","url":"https:\/\/studiodentalcare.eu\/","name":"Studio Dental Care hambaravi Tallinnas","description":"30 aastat kogemusi hambaravis","publisher":{"@id":"https:\/\/studiodentalcare.eu\/#organization"},"potentialAction":[{"@type":"SearchAction","target":{"@type":"EntryPoint","urlTemplate":"https:\/\/studiodentalcare.eu\/?s={search_term_string}"},"query-input":{"@type":"PropertyValueSpecification","valueRequired":true,"valueName":"search_term_string"}}],"inLanguage":"ru-RU"},{"@type":"Organization","@id":"https:\/\/studiodentalcare.eu\/#organization","name":"Kesklinna Hambaravi","url":"https:\/\/studiodentalcare.eu\/","logo":{"@type":"ImageObject","inLanguage":"ru-RU","@id":"https:\/\/studiodentalcare.eu\/#\/schema\/logo\/image\/","url":"https:\/\/studiodentalcare.eu\/wp-content\/uploads\/2022\/10\/Kesklinna-Hambaravi-Logo.svg","contentUrl":"https:\/\/studiodentalcare.eu\/wp-content\/uploads\/2022\/10\/Kesklinna-Hambaravi-Logo.svg","width":210,"height":49,"caption":"Kesklinna Hambaravi"},"image":{"@id":"https:\/\/studiodentalcare.eu\/#\/schema\/logo\/image\/"}}]}},"_links":{"self":[{"href":"https:\/\/studiodentalcare.eu\/ru\/wp-json\/wp\/v2\/pages\/1205"}],"collection":[{"href":"https:\/\/studiodentalcare.eu\/ru\/wp-json\/wp\/v2\/pages"}],"about":[{"href":"https:\/\/studiodentalcare.eu\/ru\/wp-json\/wp\/v2\/types\/page"}],"author":[{"embeddable":true,"href":"https:\/\/studiodentalcare.eu\/ru\/wp-json\/wp\/v2\/users\/2"}],"replies":[{"embeddable":true,"href":"https:\/\/studiodentalcare.eu\/ru\/wp-json\/wp\/v2\/comments?post=1205"}],"version-history":[{"count":5,"href":"https:\/\/studiodentalcare.eu\/ru\/wp-json\/wp\/v2\/pages\/1205\/revisions"}],"predecessor-version":[{"id":3740,"href":"https:\/\/studiodentalcare.eu\/ru\/wp-json\/wp\/v2\/pages\/1205\/revisions\/3740"}],"wp:attachment":[{"href":"https:\/\/studiodentalcare.eu\/ru\/wp-json\/wp\/v2\/media?parent=1205"}],"curies":[{"name":"wp","href":"https:\/\/api.w.org\/{rel}","templated":true}]}}