{"id":3730,"date":"2025-12-01T16:03:24","date_gmt":"2025-12-01T16:03:24","guid":{"rendered":"https:\/\/studiodentalcare.eu\/vastutuskindlustus\/"},"modified":"2025-12-01T16:06:53","modified_gmt":"2025-12-01T16:06:53","slug":"vastutuskindlustus","status":"publish","type":"page","link":"https:\/\/studiodentalcare.eu\/ru\/%d0%bf%d0%b0%d1%86%d0%b8%d0%b5%d0%bd%d1%82%d1%83\/vastutuskindlustus\/","title":{"rendered":"Vastutuskindlustus"},"content":{"rendered":"[vc_row type=&#187;in_container&#187; full_screen_row_position=&#187;middle&#187; column_margin=&#187;default&#187; column_direction=&#187;default&#187; column_direction_tablet=&#187;default&#187; column_direction_phone=&#187;default&#187; scene_position=&#187;center&#187; text_color=&#187;dark&#187; text_align=&#187;left&#187; row_border_radius=&#187;none&#187; row_border_radius_applies=&#187;bg&#187; overflow=&#187;visible&#187; class=&#187;default-inner-row-padding&#187; overlay_strength=&#187;0.3&#8243; gradient_direction=&#187;left_to_right&#187; shape_divider_position=&#187;bottom&#187; bg_image_animation=&#187;none&#187; gradient_type=&#187;default&#187; shape_type=&#187;&#187;][vc_column column_padding=&#187;no-extra-padding&#187; column_padding_tablet=&#187;inherit&#187; column_padding_phone=&#187;inherit&#187; column_padding_position=&#187;all&#187; column_element_direction_desktop=&#187;default&#187; column_element_spacing=&#187;default&#187; desktop_text_alignment=&#187;default&#187; tablet_text_alignment=&#187;default&#187; phone_text_alignment=&#187;default&#187; background_color_opacity=&#187;1&#8243; background_hover_color_opacity=&#187;1&#8243; column_backdrop_filter=&#187;none&#187; column_shadow=&#187;none&#187; column_border_radius=&#187;none&#187; column_link_target=&#187;_self&#187; column_position=&#187;default&#187; gradient_direction=&#187;left_to_right&#187; overlay_strength=&#187;0.3&#8243; width=&#187;1\/1&#8243; tablet_width_inherit=&#187;default&#187; animation_type=&#187;default&#187; enable_animation=&#187;true&#187; animation=&#187;fade-in-from-bottom&#187; animation_easing=&#187;default&#187; bg_image_animation=&#187;none&#187; border_type=&#187;simple&#187; column_border_width=&#187;none&#187; column_border_style=&#187;solid&#187; column_padding_type=&#187;default&#187; gradient_type=&#187;default&#187;][vc_column_text]<strong>KINDLUSTUSALANE TEAVE<\/strong><\/p>\n<p><strong>Tervishoiuteenuse osutaja kohustuslik vastutuskindlustus Kindlustusandja: Lloyd\u2019s Insurance Company S.A.PAT5404<\/strong><\/p>\n<p>Kindlustuskaitse periood:1.12.2025-30.11.2026<\/p>\n<p>Kindlustussumma:<\/p>\n<p>100 000 EUR \u00f5igustatud isiku kohta<\/p>\n<p>300 000 EUR kindlustusjuhtumi kohta<\/p>\n<p>3 000 000 EUR kindlustusperioodi kohta<\/p>\n<p>&nbsp;<\/p>\n<p>Mittevaralise kahju kindlustussumma:<\/p>\n<p>100 000 EUR kindlustusjuhtumi kohta<\/p>\n<p>30 000 EUR \u00f5igustatud isiku kohta<\/p>\n<p>&nbsp;<\/p>\n<p>Kahjun\u00f5ude esitamine: www.medmal.ee\/kahjuteated<\/p>\n<p>Kahjun\u00f5ude esitamise j\u00e4rgselt v\u00f5tab teiega \u00fchendust kindlustusandja poolt volitatud kahjun\u00f5uete k\u00e4sitleja.[\/vc_column_text][\/vc_column][\/vc_row]\n","protected":false},"excerpt":{"rendered":"<p>[vc_row type=&#187;in_container&#187; full_screen_row_position=&#187;middle&#187; column_margin=&#187;default&#187; column_direction=&#187;default&#187; column_direction_tablet=&#187;default&#187; column_direction_phone=&#187;default&#187; scene_position=&#187;center&#187; text_color=&#187;dark&#187; text_align=&#187;left&#187; row_border_radius=&#187;none&#187; row_border_radius_applies=&#187;bg&#187; overflow=&#187;visible&#187; class=&#187;default-inner-row-padding&#187; overlay_strength=&#187;0.3&#8243; gradient_direction=&#187;left_to_right&#187; shape_divider_position=&#187;bottom&#187; bg_image_animation=&#187;none&#187; gradient_type=&#187;default&#187; shape_type=&#187;&#187;][vc_column column_padding=&#187;no-extra-padding&#187; column_padding_tablet=&#187;inherit&#187; column_padding_phone=&#187;inherit&#187; column_padding_position=&#187;all&#187; column_element_direction_desktop=&#187;default&#187; column_element_spacing=&#187;default&#187; desktop_text_alignment=&#187;default&#187; tablet_text_alignment=&#187;default&#187; phone_text_alignment=&#187;default&#187; background_color_opacity=&#187;1&#8243;&#8230;<\/p>\n","protected":false},"author":2,"featured_media":0,"parent":1215,"menu_order":0,"comment_status":"closed","ping_status":"closed","template":"page-left-sidebar.php","meta":{"inline_featured_image":false,"footnotes":"","advanced-sidebar-menu\/link-title":"","advanced-sidebar-menu\/exclude-page":false},"yoast_head":"<!-- This site is optimized with the Yoast SEO plugin v23.5 - https:\/\/yoast.com\/wordpress\/plugins\/seo\/ -->\n<title>Vastutuskindlustus - Studio Dental Care hambaravi Tallinnas<\/title>\n<meta name=\"description\" content=\"\u0412\u0441\u0435 \u0434\u043b\u044f \u0432\u0430\u0448\u0435\u0439 \u043a\u0440\u0430\u0441\u0438\u0432\u043e\u0439 \u0443\u043b\u044b\u0431\u043a\u0438, \u043e\u0442 \u0441\u043e\u0432\u0435\u0442\u0430 \u0434\u043e \u043b\u0443\u0447\u0448\u0435\u0433\u043e \u0440\u0435\u0437\u0443\u043b\u044c\u0442\u0430\u0442\u0430. \u041a\u043b\u0438\u043d\u0438\u043a\u0430 \u043f\u0440\u0435\u0434\u043b\u0430\u0433\u0430\u0435\u0442 \u0448\u0438\u0440\u043e\u043a\u0438\u0439 \u0441\u043f\u0435\u043a\u0442\u0440 \u0441\u0442\u043e\u043c\u0430\u0442\u043e\u043b\u043e\u0433\u0438\u0447\u0435\u0441\u043a\u0438\u0445 \u0443\u0441\u043b\u0443\u0433. \u0417\u0430\u043f\u0438\u0448\u0438\u0442\u0435\u0441\u044c \u043d\u0430 \u043f\u0440\u0438\u0435\u043c \u043d\u0430 \u0441\u0430\u0439\u0442\u0435 \u0438\u043b\u0438 \u043f\u043e\u0437\u0432\u043e\u043d\u0438\u0442\u0435 \u043f\u043e \u0442\u0435\u043b\u0435\u0444\u043e\u043d\u0443 +372 509 354\" \/>\n<meta name=\"robots\" content=\"index, follow, max-snippet:-1, max-image-preview:large, max-video-preview:-1\" \/>\n<link rel=\"canonical\" href=\"https:\/\/studiodentalcare.eu\/ru\/\u043f\u0430\u0446\u0438\u0435\u043d\u0442\u0443\/vastutuskindlustus\/\" \/>\n<meta property=\"og:locale\" content=\"ru_RU\" \/>\n<meta property=\"og:type\" content=\"article\" \/>\n<meta property=\"og:title\" content=\"Vastutuskindlustus - Studio Dental Care hambaravi Tallinnas\" \/>\n<meta property=\"og:description\" content=\"\u0412\u0441\u0435 \u0434\u043b\u044f \u0432\u0430\u0448\u0435\u0439 \u043a\u0440\u0430\u0441\u0438\u0432\u043e\u0439 \u0443\u043b\u044b\u0431\u043a\u0438, \u043e\u0442 \u0441\u043e\u0432\u0435\u0442\u0430 \u0434\u043e \u043b\u0443\u0447\u0448\u0435\u0433\u043e \u0440\u0435\u0437\u0443\u043b\u044c\u0442\u0430\u0442\u0430. \u041a\u043b\u0438\u043d\u0438\u043a\u0430 \u043f\u0440\u0435\u0434\u043b\u0430\u0433\u0430\u0435\u0442 \u0448\u0438\u0440\u043e\u043a\u0438\u0439 \u0441\u043f\u0435\u043a\u0442\u0440 \u0441\u0442\u043e\u043c\u0430\u0442\u043e\u043b\u043e\u0433\u0438\u0447\u0435\u0441\u043a\u0438\u0445 \u0443\u0441\u043b\u0443\u0433. \u0417\u0430\u043f\u0438\u0448\u0438\u0442\u0435\u0441\u044c \u043d\u0430 \u043f\u0440\u0438\u0435\u043c \u043d\u0430 \u0441\u0430\u0439\u0442\u0435 \u0438\u043b\u0438 \u043f\u043e\u0437\u0432\u043e\u043d\u0438\u0442\u0435 \u043f\u043e \u0442\u0435\u043b\u0435\u0444\u043e\u043d\u0443 +372 509 354\" \/>\n<meta property=\"og:url\" content=\"https:\/\/studiodentalcare.eu\/ru\/\u043f\u0430\u0446\u0438\u0435\u043d\u0442\u0443\/vastutuskindlustus\/\" \/>\n<meta property=\"og:site_name\" content=\"Studio Dental Care hambaravi Tallinnas\" \/>\n<meta property=\"article:modified_time\" content=\"2025-12-01T16:06:53+00:00\" \/>\n<meta property=\"og:image\" content=\"https:\/\/studiodentalcare.eu\/wp-content\/uploads\/2023\/06\/Opengraph.png\" \/>\n\t<meta property=\"og:image:width\" content=\"1200\" \/>\n\t<meta property=\"og:image:height\" content=\"630\" \/>\n\t<meta property=\"og:image:type\" content=\"image\/png\" \/>\n<meta name=\"twitter:card\" content=\"summary_large_image\" \/>\n<meta name=\"twitter:label1\" content=\"\u041f\u0440\u0438\u043c\u0435\u0440\u043d\u043e\u0435 \u0432\u0440\u0435\u043c\u044f \u0434\u043b\u044f \u0447\u0442\u0435\u043d\u0438\u044f\" \/>\n\t<meta name=\"twitter:data1\" content=\"1 \u043c\u0438\u043d\u0443\u0442\u0430\" \/>\n<script type=\"application\/ld+json\" class=\"yoast-schema-graph\">{\"@context\":\"https:\/\/schema.org\",\"@graph\":[{\"@type\":\"WebPage\",\"@id\":\"https:\/\/studiodentalcare.eu\/ru\/%d0%bf%d0%b0%d1%86%d0%b8%d0%b5%d0%bd%d1%82%d1%83\/vastutuskindlustus\/\",\"url\":\"https:\/\/studiodentalcare.eu\/ru\/%d0%bf%d0%b0%d1%86%d0%b8%d0%b5%d0%bd%d1%82%d1%83\/vastutuskindlustus\/\",\"name\":\"Vastutuskindlustus - Studio Dental Care hambaravi Tallinnas\",\"isPartOf\":{\"@id\":\"https:\/\/studiodentalcare.eu\/#website\"},\"datePublished\":\"2025-12-01T16:03:24+00:00\",\"dateModified\":\"2025-12-01T16:06:53+00:00\",\"description\":\"\u0412\u0441\u0435 \u0434\u043b\u044f \u0432\u0430\u0448\u0435\u0439 \u043a\u0440\u0430\u0441\u0438\u0432\u043e\u0439 \u0443\u043b\u044b\u0431\u043a\u0438, \u043e\u0442 \u0441\u043e\u0432\u0435\u0442\u0430 \u0434\u043e \u043b\u0443\u0447\u0448\u0435\u0433\u043e \u0440\u0435\u0437\u0443\u043b\u044c\u0442\u0430\u0442\u0430. \u041a\u043b\u0438\u043d\u0438\u043a\u0430 \u043f\u0440\u0435\u0434\u043b\u0430\u0433\u0430\u0435\u0442 \u0448\u0438\u0440\u043e\u043a\u0438\u0439 \u0441\u043f\u0435\u043a\u0442\u0440 \u0441\u0442\u043e\u043c\u0430\u0442\u043e\u043b\u043e\u0433\u0438\u0447\u0435\u0441\u043a\u0438\u0445 \u0443\u0441\u043b\u0443\u0433. \u0417\u0430\u043f\u0438\u0448\u0438\u0442\u0435\u0441\u044c \u043d\u0430 \u043f\u0440\u0438\u0435\u043c \u043d\u0430 \u0441\u0430\u0439\u0442\u0435 \u0438\u043b\u0438 \u043f\u043e\u0437\u0432\u043e\u043d\u0438\u0442\u0435 \u043f\u043e \u0442\u0435\u043b\u0435\u0444\u043e\u043d\u0443 +372 509 354\",\"breadcrumb\":{\"@id\":\"https:\/\/studiodentalcare.eu\/ru\/%d0%bf%d0%b0%d1%86%d0%b8%d0%b5%d0%bd%d1%82%d1%83\/vastutuskindlustus\/#breadcrumb\"},\"inLanguage\":\"ru-RU\",\"potentialAction\":[{\"@type\":\"ReadAction\",\"target\":[\"https:\/\/studiodentalcare.eu\/ru\/%d0%bf%d0%b0%d1%86%d0%b8%d0%b5%d0%bd%d1%82%d1%83\/vastutuskindlustus\/\"]}]},{\"@type\":\"BreadcrumbList\",\"@id\":\"https:\/\/studiodentalcare.eu\/ru\/%d0%bf%d0%b0%d1%86%d0%b8%d0%b5%d0%bd%d1%82%d1%83\/vastutuskindlustus\/#breadcrumb\",\"itemListElement\":[{\"@type\":\"ListItem\",\"position\":1,\"name\":\"Home\",\"item\":\"https:\/\/studiodentalcare.eu\/ru\/\"},{\"@type\":\"ListItem\",\"position\":2,\"name\":\"\u041f\u0430\u0446\u0438\u0435\u043d\u0442\u0443\",\"item\":\"https:\/\/studiodentalcare.eu\/patsiendile\/\"},{\"@type\":\"ListItem\",\"position\":3,\"name\":\"Vastutuskindlustus\"}]},{\"@type\":\"WebSite\",\"@id\":\"https:\/\/studiodentalcare.eu\/#website\",\"url\":\"https:\/\/studiodentalcare.eu\/\",\"name\":\"Studio Dental Care hambaravi Tallinnas\",\"description\":\"30 aastat kogemusi hambaravis\",\"publisher\":{\"@id\":\"https:\/\/studiodentalcare.eu\/#organization\"},\"potentialAction\":[{\"@type\":\"SearchAction\",\"target\":{\"@type\":\"EntryPoint\",\"urlTemplate\":\"https:\/\/studiodentalcare.eu\/?s={search_term_string}\"},\"query-input\":{\"@type\":\"PropertyValueSpecification\",\"valueRequired\":true,\"valueName\":\"search_term_string\"}}],\"inLanguage\":\"ru-RU\"},{\"@type\":\"Organization\",\"@id\":\"https:\/\/studiodentalcare.eu\/#organization\",\"name\":\"Kesklinna Hambaravi\",\"url\":\"https:\/\/studiodentalcare.eu\/\",\"logo\":{\"@type\":\"ImageObject\",\"inLanguage\":\"ru-RU\",\"@id\":\"https:\/\/studiodentalcare.eu\/#\/schema\/logo\/image\/\",\"url\":\"https:\/\/studiodentalcare.eu\/wp-content\/uploads\/2022\/10\/Kesklinna-Hambaravi-Logo.svg\",\"contentUrl\":\"https:\/\/studiodentalcare.eu\/wp-content\/uploads\/2022\/10\/Kesklinna-Hambaravi-Logo.svg\",\"width\":210,\"height\":49,\"caption\":\"Kesklinna Hambaravi\"},\"image\":{\"@id\":\"https:\/\/studiodentalcare.eu\/#\/schema\/logo\/image\/\"}}]}<\/script>\n<!-- \/ Yoast SEO plugin. -->","yoast_head_json":{"title":"Vastutuskindlustus - Studio Dental Care hambaravi Tallinnas","description":"\u0412\u0441\u0435 \u0434\u043b\u044f \u0432\u0430\u0448\u0435\u0439 \u043a\u0440\u0430\u0441\u0438\u0432\u043e\u0439 \u0443\u043b\u044b\u0431\u043a\u0438, \u043e\u0442 \u0441\u043e\u0432\u0435\u0442\u0430 \u0434\u043e \u043b\u0443\u0447\u0448\u0435\u0433\u043e \u0440\u0435\u0437\u0443\u043b\u044c\u0442\u0430\u0442\u0430. \u041a\u043b\u0438\u043d\u0438\u043a\u0430 \u043f\u0440\u0435\u0434\u043b\u0430\u0433\u0430\u0435\u0442 \u0448\u0438\u0440\u043e\u043a\u0438\u0439 \u0441\u043f\u0435\u043a\u0442\u0440 \u0441\u0442\u043e\u043c\u0430\u0442\u043e\u043b\u043e\u0433\u0438\u0447\u0435\u0441\u043a\u0438\u0445 \u0443\u0441\u043b\u0443\u0433. \u0417\u0430\u043f\u0438\u0448\u0438\u0442\u0435\u0441\u044c \u043d\u0430 \u043f\u0440\u0438\u0435\u043c \u043d\u0430 \u0441\u0430\u0439\u0442\u0435 \u0438\u043b\u0438 \u043f\u043e\u0437\u0432\u043e\u043d\u0438\u0442\u0435 \u043f\u043e \u0442\u0435\u043b\u0435\u0444\u043e\u043d\u0443 +372 509 354","robots":{"index":"index","follow":"follow","max-snippet":"max-snippet:-1","max-image-preview":"max-image-preview:large","max-video-preview":"max-video-preview:-1"},"canonical":"https:\/\/studiodentalcare.eu\/ru\/\u043f\u0430\u0446\u0438\u0435\u043d\u0442\u0443\/vastutuskindlustus\/","og_locale":"ru_RU","og_type":"article","og_title":"Vastutuskindlustus - Studio Dental Care hambaravi Tallinnas","og_description":"\u0412\u0441\u0435 \u0434\u043b\u044f \u0432\u0430\u0448\u0435\u0439 \u043a\u0440\u0430\u0441\u0438\u0432\u043e\u0439 \u0443\u043b\u044b\u0431\u043a\u0438, \u043e\u0442 \u0441\u043e\u0432\u0435\u0442\u0430 \u0434\u043e \u043b\u0443\u0447\u0448\u0435\u0433\u043e \u0440\u0435\u0437\u0443\u043b\u044c\u0442\u0430\u0442\u0430. \u041a\u043b\u0438\u043d\u0438\u043a\u0430 \u043f\u0440\u0435\u0434\u043b\u0430\u0433\u0430\u0435\u0442 \u0448\u0438\u0440\u043e\u043a\u0438\u0439 \u0441\u043f\u0435\u043a\u0442\u0440 \u0441\u0442\u043e\u043c\u0430\u0442\u043e\u043b\u043e\u0433\u0438\u0447\u0435\u0441\u043a\u0438\u0445 \u0443\u0441\u043b\u0443\u0433. \u0417\u0430\u043f\u0438\u0448\u0438\u0442\u0435\u0441\u044c \u043d\u0430 \u043f\u0440\u0438\u0435\u043c \u043d\u0430 \u0441\u0430\u0439\u0442\u0435 \u0438\u043b\u0438 \u043f\u043e\u0437\u0432\u043e\u043d\u0438\u0442\u0435 \u043f\u043e \u0442\u0435\u043b\u0435\u0444\u043e\u043d\u0443 +372 509 354","og_url":"https:\/\/studiodentalcare.eu\/ru\/\u043f\u0430\u0446\u0438\u0435\u043d\u0442\u0443\/vastutuskindlustus\/","og_site_name":"Studio Dental Care hambaravi Tallinnas","article_modified_time":"2025-12-01T16:06:53+00:00","og_image":[{"width":1200,"height":630,"url":"https:\/\/studiodentalcare.eu\/wp-content\/uploads\/2023\/06\/Opengraph.png","type":"image\/png"}],"twitter_card":"summary_large_image","twitter_misc":{"\u041f\u0440\u0438\u043c\u0435\u0440\u043d\u043e\u0435 \u0432\u0440\u0435\u043c\u044f \u0434\u043b\u044f \u0447\u0442\u0435\u043d\u0438\u044f":"1 \u043c\u0438\u043d\u0443\u0442\u0430"},"schema":{"@context":"https:\/\/schema.org","@graph":[{"@type":"WebPage","@id":"https:\/\/studiodentalcare.eu\/ru\/%d0%bf%d0%b0%d1%86%d0%b8%d0%b5%d0%bd%d1%82%d1%83\/vastutuskindlustus\/","url":"https:\/\/studiodentalcare.eu\/ru\/%d0%bf%d0%b0%d1%86%d0%b8%d0%b5%d0%bd%d1%82%d1%83\/vastutuskindlustus\/","name":"Vastutuskindlustus - Studio Dental Care hambaravi Tallinnas","isPartOf":{"@id":"https:\/\/studiodentalcare.eu\/#website"},"datePublished":"2025-12-01T16:03:24+00:00","dateModified":"2025-12-01T16:06:53+00:00","description":"\u0412\u0441\u0435 \u0434\u043b\u044f \u0432\u0430\u0448\u0435\u0439 \u043a\u0440\u0430\u0441\u0438\u0432\u043e\u0439 \u0443\u043b\u044b\u0431\u043a\u0438, \u043e\u0442 \u0441\u043e\u0432\u0435\u0442\u0430 \u0434\u043e \u043b\u0443\u0447\u0448\u0435\u0433\u043e \u0440\u0435\u0437\u0443\u043b\u044c\u0442\u0430\u0442\u0430. \u041a\u043b\u0438\u043d\u0438\u043a\u0430 \u043f\u0440\u0435\u0434\u043b\u0430\u0433\u0430\u0435\u0442 \u0448\u0438\u0440\u043e\u043a\u0438\u0439 \u0441\u043f\u0435\u043a\u0442\u0440 \u0441\u0442\u043e\u043c\u0430\u0442\u043e\u043b\u043e\u0433\u0438\u0447\u0435\u0441\u043a\u0438\u0445 \u0443\u0441\u043b\u0443\u0433. \u0417\u0430\u043f\u0438\u0448\u0438\u0442\u0435\u0441\u044c \u043d\u0430 \u043f\u0440\u0438\u0435\u043c \u043d\u0430 \u0441\u0430\u0439\u0442\u0435 \u0438\u043b\u0438 \u043f\u043e\u0437\u0432\u043e\u043d\u0438\u0442\u0435 \u043f\u043e \u0442\u0435\u043b\u0435\u0444\u043e\u043d\u0443 +372 509 354","breadcrumb":{"@id":"https:\/\/studiodentalcare.eu\/ru\/%d0%bf%d0%b0%d1%86%d0%b8%d0%b5%d0%bd%d1%82%d1%83\/vastutuskindlustus\/#breadcrumb"},"inLanguage":"ru-RU","potentialAction":[{"@type":"ReadAction","target":["https:\/\/studiodentalcare.eu\/ru\/%d0%bf%d0%b0%d1%86%d0%b8%d0%b5%d0%bd%d1%82%d1%83\/vastutuskindlustus\/"]}]},{"@type":"BreadcrumbList","@id":"https:\/\/studiodentalcare.eu\/ru\/%d0%bf%d0%b0%d1%86%d0%b8%d0%b5%d0%bd%d1%82%d1%83\/vastutuskindlustus\/#breadcrumb","itemListElement":[{"@type":"ListItem","position":1,"name":"Home","item":"https:\/\/studiodentalcare.eu\/ru\/"},{"@type":"ListItem","position":2,"name":"\u041f\u0430\u0446\u0438\u0435\u043d\u0442\u0443","item":"https:\/\/studiodentalcare.eu\/patsiendile\/"},{"@type":"ListItem","position":3,"name":"Vastutuskindlustus"}]},{"@type":"WebSite","@id":"https:\/\/studiodentalcare.eu\/#website","url":"https:\/\/studiodentalcare.eu\/","name":"Studio Dental Care hambaravi Tallinnas","description":"30 aastat kogemusi hambaravis","publisher":{"@id":"https:\/\/studiodentalcare.eu\/#organization"},"potentialAction":[{"@type":"SearchAction","target":{"@type":"EntryPoint","urlTemplate":"https:\/\/studiodentalcare.eu\/?s={search_term_string}"},"query-input":{"@type":"PropertyValueSpecification","valueRequired":true,"valueName":"search_term_string"}}],"inLanguage":"ru-RU"},{"@type":"Organization","@id":"https:\/\/studiodentalcare.eu\/#organization","name":"Kesklinna Hambaravi","url":"https:\/\/studiodentalcare.eu\/","logo":{"@type":"ImageObject","inLanguage":"ru-RU","@id":"https:\/\/studiodentalcare.eu\/#\/schema\/logo\/image\/","url":"https:\/\/studiodentalcare.eu\/wp-content\/uploads\/2022\/10\/Kesklinna-Hambaravi-Logo.svg","contentUrl":"https:\/\/studiodentalcare.eu\/wp-content\/uploads\/2022\/10\/Kesklinna-Hambaravi-Logo.svg","width":210,"height":49,"caption":"Kesklinna Hambaravi"},"image":{"@id":"https:\/\/studiodentalcare.eu\/#\/schema\/logo\/image\/"}}]}},"_links":{"self":[{"href":"https:\/\/studiodentalcare.eu\/ru\/wp-json\/wp\/v2\/pages\/3730"}],"collection":[{"href":"https:\/\/studiodentalcare.eu\/ru\/wp-json\/wp\/v2\/pages"}],"about":[{"href":"https:\/\/studiodentalcare.eu\/ru\/wp-json\/wp\/v2\/types\/page"}],"author":[{"embeddable":true,"href":"https:\/\/studiodentalcare.eu\/ru\/wp-json\/wp\/v2\/users\/2"}],"replies":[{"embeddable":true,"href":"https:\/\/studiodentalcare.eu\/ru\/wp-json\/wp\/v2\/comments?post=3730"}],"version-history":[{"count":1,"href":"https:\/\/studiodentalcare.eu\/ru\/wp-json\/wp\/v2\/pages\/3730\/revisions"}],"predecessor-version":[{"id":3732,"href":"https:\/\/studiodentalcare.eu\/ru\/wp-json\/wp\/v2\/pages\/3730\/revisions\/3732"}],"up":[{"embeddable":true,"href":"https:\/\/studiodentalcare.eu\/ru\/wp-json\/wp\/v2\/pages\/1215"}],"wp:attachment":[{"href":"https:\/\/studiodentalcare.eu\/ru\/wp-json\/wp\/v2\/media?parent=3730"}],"curies":[{"name":"wp","href":"https:\/\/api.w.org\/{rel}","templated":true}]}}